{"id":373,"date":"2023-02-21T09:19:00","date_gmt":"2023-02-21T09:19:00","guid":{"rendered":"https:\/\/hostelgijoncentro.es\/habitaciones-hostel-gijon-centro-2\/"},"modified":"2023-05-24T11:40:33","modified_gmt":"2023-05-24T11:40:33","slug":"environment-hostel-gijon-centro","status":"publish","type":"page","link":"https:\/\/hostelgijoncentro.es\/en\/environment-hostel-gijon-centro\/","title":{"rendered":"Environment, Hostel Gij\u00f3n Centro"},"content":{"rendered":"\t\t<div data-elementor-type=\"wp-page\" data-elementor-id=\"373\" class=\"elementor elementor-373\" data-elementor-post-type=\"page\">\n\t\t\t\t\t\t<section class=\"elementor-section elementor-top-section elementor-element elementor-element-433a949d elementor-section-boxed elementor-section-height-default elementor-section-height-default\" data-id=\"433a949d\" data-element_type=\"section\" data-e-type=\"section\" data-settings=\"{&quot;background_background&quot;:&quot;classic&quot;}\">\n\t\t\t\t\t\t\t<div class=\"elementor-background-overlay\"><\/div>\n\t\t\t\t\t\t\t<div class=\"elementor-container elementor-column-gap-default\">\n\t\t\t\t\t<div class=\"elementor-column elementor-col-100 elementor-top-column elementor-element elementor-element-2dfc5142\" data-id=\"2dfc5142\" data-element_type=\"column\" data-e-type=\"column\">\n\t\t\t<div class=\"elementor-widget-wrap elementor-element-populated\">\n\t\t\t\t\t\t<div class=\"elementor-element elementor-element-541d2896 elementor-widget__width-auto elementor-invisible elementor-widget elementor-widget-heading\" data-id=\"541d2896\" data-element_type=\"widget\" data-e-type=\"widget\" data-settings=\"{&quot;_animation&quot;:&quot;fadeInLeft&quot;}\" data-widget_type=\"heading.default\">\n\t\t\t\t<div class=\"elementor-widget-container\">\n\t\t\t\t\t<h1 class=\"elementor-heading-title elementor-size-default\">ENVIRONMENT <\/br>Gijon Center<\/h1>\t\t\t\t<\/div>\n\t\t\t\t<\/div>\n\t\t\t\t\t<\/div>\n\t\t<\/div>\n\t\t\t\t\t<\/div>\n\t\t<\/section>\n\t\t\t\t<section class=\"elementor-section elementor-top-section elementor-element elementor-element-ccf6871 elementor-section-boxed elementor-section-height-default elementor-section-height-default\" data-id=\"ccf6871\" data-element_type=\"section\" data-e-type=\"section\">\n\t\t\t\t\t\t<div class=\"elementor-container elementor-column-gap-default\">\n\t\t\t\t\t<div class=\"elementor-column elementor-col-50 elementor-top-column elementor-element elementor-element-22e5974\" data-id=\"22e5974\" data-element_type=\"column\" data-e-type=\"column\">\n\t\t\t<div class=\"elementor-widget-wrap elementor-element-populated\">\n\t\t\t\t\t\t<div class=\"elementor-element elementor-element-8759c40 elementor-invisible elementor-widget elementor-widget-image\" data-id=\"8759c40\" data-element_type=\"widget\" data-e-type=\"widget\" data-settings=\"{&quot;_animation&quot;:&quot;fadeInUp&quot;}\" data-widget_type=\"image.default\">\n\t\t\t\t<div class=\"elementor-widget-container\">\n\t\t\t\t\t\t\t\t\t\t\t\t\t\t\t<img fetchpriority=\"high\" decoding=\"async\" width=\"800\" height=\"600\" src=\"https:\/\/hostelgijoncentro.es\/en\/wp-content\/uploads\/sites\/3\/hostel_gijon_centro_home_c.webp\" class=\"attachment-full size-full wp-image-307\" alt=\"\" srcset=\"https:\/\/hostelgijoncentro.es\/en\/wp-content\/uploads\/sites\/3\/hostel_gijon_centro_home_c.webp 800w, https:\/\/hostelgijoncentro.es\/en\/wp-content\/uploads\/sites\/3\/hostel_gijon_centro_home_c-300x225.webp 300w, https:\/\/hostelgijoncentro.es\/en\/wp-content\/uploads\/sites\/3\/hostel_gijon_centro_home_c-768x576.webp 768w\" sizes=\"(max-width: 800px) 100vw, 800px\" \/>\t\t\t\t\t\t\t\t\t\t\t\t\t\t\t<\/div>\n\t\t\t\t<\/div>\n\t\t\t\t\t<\/div>\n\t\t<\/div>\n\t\t\t\t<div class=\"elementor-column elementor-col-50 elementor-top-column elementor-element elementor-element-bb1115f\" data-id=\"bb1115f\" data-element_type=\"column\" data-e-type=\"column\">\n\t\t\t<div class=\"elementor-widget-wrap elementor-element-populated\">\n\t\t\t\t\t\t<div class=\"elementor-element elementor-element-351d8be elementor-widget elementor-widget-heading\" data-id=\"351d8be\" data-element_type=\"widget\" data-e-type=\"widget\" data-widget_type=\"heading.default\">\n\t\t\t\t<div class=\"elementor-widget-container\">\n\t\t\t\t\t<h2 class=\"elementor-heading-title elementor-size-default\">HOSTEL GIJ\u00d3N CENTRO<\/h2>\t\t\t\t<\/div>\n\t\t\t\t<\/div>\n\t\t\t\t<div class=\"elementor-element elementor-element-72a8ba4 elementor-widget elementor-widget-heading\" data-id=\"72a8ba4\" data-element_type=\"widget\" data-e-type=\"widget\" data-widget_type=\"heading.default\">\n\t\t\t\t<div class=\"elementor-widget-container\">\n\t\t\t\t\t<h2 class=\"elementor-heading-title elementor-size-default\">Privileged location<\/h2>\t\t\t\t<\/div>\n\t\t\t\t<\/div>\n\t\t\t\t<div class=\"elementor-element elementor-element-34f08d9 elementor-widget elementor-widget-text-editor\" data-id=\"34f08d9\" data-element_type=\"widget\" data-e-type=\"widget\" data-widget_type=\"text-editor.default\">\n\t\t\t\t<div class=\"elementor-widget-container\">\n\t\t\t\t\t\t\t\t\t<p>In addition, Hostel Gij\u00f3n Centro is only 200 meters from the Roman archaeological site of Las Termas de Campo Vald\u00e9s, 350 meters from Eduardo Chillida&#8217;s sculpture \u00abEl Elogio del Horizonte\u00bb, just 100 meters from museums, art galleries, cultural and gastronomic facilities, stores and banks, and 8 minutes walk from the bus station, or 18 minutes walk from the train station.<\/p>\t\t\t\t\t\t\t\t<\/div>\n\t\t\t\t<\/div>\n\t\t\t\t<section class=\"elementor-section elementor-inner-section elementor-element elementor-element-085693e elementor-section-boxed elementor-section-height-default elementor-section-height-default\" data-id=\"085693e\" data-element_type=\"section\" data-e-type=\"section\">\n\t\t\t\t\t\t<div class=\"elementor-container elementor-column-gap-default\">\n\t\t\t\t\t<div class=\"elementor-column elementor-col-50 elementor-inner-column elementor-element elementor-element-e2638ed\" data-id=\"e2638ed\" data-element_type=\"column\" data-e-type=\"column\">\n\t\t\t<div class=\"elementor-widget-wrap elementor-element-populated\">\n\t\t\t\t\t\t<div class=\"elementor-element elementor-element-eb54447 elementor-widget elementor-widget-text-editor\" data-id=\"eb54447\" data-element_type=\"widget\" data-e-type=\"widget\" data-widget_type=\"text-editor.default\">\n\t\t\t\t<div class=\"elementor-widget-container\">\n\t\t\t\t\t\t\t\t\t<p>We are 42 kms from Asturias airport.<\/p>\t\t\t\t\t\t\t\t<\/div>\n\t\t\t\t<\/div>\n\t\t\t\t\t<\/div>\n\t\t<\/div>\n\t\t\t\t<div class=\"elementor-column elementor-col-50 elementor-inner-column elementor-element elementor-element-66301be\" data-id=\"66301be\" data-element_type=\"column\" data-e-type=\"column\">\n\t\t\t<div class=\"elementor-widget-wrap elementor-element-populated\">\n\t\t\t\t\t\t<div class=\"elementor-element elementor-element-6a290c0 elementor-invisible elementor-widget elementor-widget-image\" data-id=\"6a290c0\" data-element_type=\"widget\" data-e-type=\"widget\" data-settings=\"{&quot;_animation&quot;:&quot;fadeInRight&quot;}\" data-widget_type=\"image.default\">\n\t\t\t\t<div class=\"elementor-widget-container\">\n\t\t\t\t\t\t\t\t\t\t\t\t\t\t\t<img decoding=\"async\" width=\"800\" height=\"600\" src=\"https:\/\/hostelgijoncentro.es\/en\/wp-content\/uploads\/sites\/3\/hostel_gijon_centro_home_d.webp\" class=\"attachment-full size-full wp-image-309\" alt=\"\" srcset=\"https:\/\/hostelgijoncentro.es\/en\/wp-content\/uploads\/sites\/3\/hostel_gijon_centro_home_d.webp 800w, https:\/\/hostelgijoncentro.es\/en\/wp-content\/uploads\/sites\/3\/hostel_gijon_centro_home_d-300x225.webp 300w, https:\/\/hostelgijoncentro.es\/en\/wp-content\/uploads\/sites\/3\/hostel_gijon_centro_home_d-768x576.webp 768w\" sizes=\"(max-width: 800px) 100vw, 800px\" \/>\t\t\t\t\t\t\t\t\t\t\t\t\t\t\t<\/div>\n\t\t\t\t<\/div>\n\t\t\t\t\t<\/div>\n\t\t<\/div>\n\t\t\t\t\t<\/div>\n\t\t<\/section>\n\t\t\t\t\t<\/div>\n\t\t<\/div>\n\t\t\t\t\t<\/div>\n\t\t<\/section>\n\t\t\t\t<section class=\"elementor-section elementor-top-section elementor-element elementor-element-432ac4d2 elementor-reverse-mobile elementor-section-boxed elementor-section-height-default elementor-section-height-default\" data-id=\"432ac4d2\" data-element_type=\"section\" data-e-type=\"section\" data-settings=\"{&quot;background_background&quot;:&quot;gradient&quot;}\">\n\t\t\t\t\t\t<div class=\"elementor-container elementor-column-gap-default\">\n\t\t\t\t\t<div class=\"elementor-column elementor-col-50 elementor-top-column elementor-element elementor-element-30c72b56\" data-id=\"30c72b56\" data-element_type=\"column\" data-e-type=\"column\">\n\t\t\t<div class=\"elementor-widget-wrap elementor-element-populated\">\n\t\t\t\t\t\t<div class=\"elementor-element elementor-element-61e9aa5 elementor-widget elementor-widget-heading\" data-id=\"61e9aa5\" data-element_type=\"widget\" data-e-type=\"widget\" data-widget_type=\"heading.default\">\n\t\t\t\t<div class=\"elementor-widget-container\">\n\t\t\t\t\t<h2 class=\"elementor-heading-title elementor-size-default\">HOSTEL GIJ\u00d3N CENTRO<\/h2>\t\t\t\t<\/div>\n\t\t\t\t<\/div>\n\t\t\t\t<div class=\"elementor-element elementor-element-4902cda elementor-widget elementor-widget-heading\" data-id=\"4902cda\" data-element_type=\"widget\" data-e-type=\"widget\" data-widget_type=\"heading.default\">\n\t\t\t\t<div class=\"elementor-widget-container\">\n\t\t\t\t\t<h2 class=\"elementor-heading-title elementor-size-default\">ENVIRONMENT<\/h2>\t\t\t\t<\/div>\n\t\t\t\t<\/div>\n\t\t\t\t<div class=\"elementor-element elementor-element-b9a2fe4 elementor-widget elementor-widget-text-editor\" data-id=\"b9a2fe4\" data-element_type=\"widget\" data-e-type=\"widget\" data-widget_type=\"text-editor.default\">\n\t\t\t\t<div class=\"elementor-widget-container\">\n\t\t\t\t\t\t\t\t\t<p>You can go on foot to visit the old town with a guided tour (the meeting points are 3 minutes from our establishment).<\/p><p>You also have all the offer of entertainment venues, restaurants, cider bars, beaches, concert halls, casinos, tourist bus stop.<\/p><p>Tourist office, town hall, library, Jovellanos theater&#8230;, all at less than three minutes walking distance.<\/p>\t\t\t\t\t\t\t\t<\/div>\n\t\t\t\t<\/div>\n\t\t\t\t\t<\/div>\n\t\t<\/div>\n\t\t\t\t<div class=\"elementor-column elementor-col-50 elementor-top-column elementor-element elementor-element-7bc95e91\" data-id=\"7bc95e91\" data-element_type=\"column\" data-e-type=\"column\">\n\t\t\t<div class=\"elementor-widget-wrap elementor-element-populated\">\n\t\t\t\t\t\t<div class=\"elementor-element elementor-element-1478351d elementor-widget__width-initial elementor-absolute elementor-invisible elementor-widget elementor-widget-image\" data-id=\"1478351d\" data-element_type=\"widget\" data-e-type=\"widget\" data-settings=\"{&quot;_position&quot;:&quot;absolute&quot;,&quot;_animation&quot;:&quot;slideInUp&quot;}\" data-widget_type=\"image.default\">\n\t\t\t\t<div class=\"elementor-widget-container\">\n\t\t\t\t\t\t\t\t\t\t\t\t\t\t\t<img decoding=\"async\" width=\"800\" height=\"800\" src=\"https:\/\/hostelgijoncentro.es\/en\/wp-content\/uploads\/sites\/3\/habitaciones_hostel_gijon_centro_b.webp\" class=\"attachment-full size-full wp-image-345\" alt=\"\" srcset=\"https:\/\/hostelgijoncentro.es\/en\/wp-content\/uploads\/sites\/3\/habitaciones_hostel_gijon_centro_b.webp 800w, https:\/\/hostelgijoncentro.es\/en\/wp-content\/uploads\/sites\/3\/habitaciones_hostel_gijon_centro_b-300x300.webp 300w, https:\/\/hostelgijoncentro.es\/en\/wp-content\/uploads\/sites\/3\/habitaciones_hostel_gijon_centro_b-150x150.webp 150w, https:\/\/hostelgijoncentro.es\/en\/wp-content\/uploads\/sites\/3\/habitaciones_hostel_gijon_centro_b-768x768.webp 768w\" sizes=\"(max-width: 800px) 100vw, 800px\" \/>\t\t\t\t\t\t\t\t\t\t\t\t\t\t\t<\/div>\n\t\t\t\t<\/div>\n\t\t\t\t<div class=\"elementor-element elementor-element-65bf13e4 elementor-widget elementor-widget-image\" data-id=\"65bf13e4\" data-element_type=\"widget\" data-e-type=\"widget\" data-widget_type=\"image.default\">\n\t\t\t\t<div class=\"elementor-widget-container\">\n\t\t\t\t\t\t\t\t\t\t\t\t\t\t\t<img loading=\"lazy\" decoding=\"async\" width=\"800\" height=\"800\" src=\"https:\/\/hostelgijoncentro.es\/en\/wp-content\/uploads\/sites\/3\/habitaciones_hostel_gijon_centro_a.webp\" class=\"attachment-full size-full wp-image-344\" alt=\"\" srcset=\"https:\/\/hostelgijoncentro.es\/en\/wp-content\/uploads\/sites\/3\/habitaciones_hostel_gijon_centro_a.webp 800w, https:\/\/hostelgijoncentro.es\/en\/wp-content\/uploads\/sites\/3\/habitaciones_hostel_gijon_centro_a-300x300.webp 300w, https:\/\/hostelgijoncentro.es\/en\/wp-content\/uploads\/sites\/3\/habitaciones_hostel_gijon_centro_a-150x150.webp 150w, https:\/\/hostelgijoncentro.es\/en\/wp-content\/uploads\/sites\/3\/habitaciones_hostel_gijon_centro_a-768x768.webp 768w\" sizes=\"(max-width: 800px) 100vw, 800px\" \/>\t\t\t\t\t\t\t\t\t\t\t\t\t\t\t<\/div>\n\t\t\t\t<\/div>\n\t\t\t\t\t<\/div>\n\t\t<\/div>\n\t\t\t\t\t<\/div>\n\t\t<\/section>\n\t\t\t\t<section class=\"elementor-section elementor-top-section elementor-element elementor-element-4987172 elementor-section-boxed elementor-section-height-default elementor-section-height-default\" data-id=\"4987172\" data-element_type=\"section\" data-e-type=\"section\" data-settings=\"{&quot;background_background&quot;:&quot;classic&quot;,&quot;animation&quot;:&quot;none&quot;}\">\n\t\t\t\t\t\t\t<div class=\"elementor-background-overlay\"><\/div>\n\t\t\t\t\t\t\t<div class=\"elementor-container elementor-column-gap-default\">\n\t\t\t\t\t<div class=\"elementor-column elementor-col-100 elementor-top-column elementor-element elementor-element-059dee3\" data-id=\"059dee3\" data-element_type=\"column\" data-e-type=\"column\">\n\t\t\t<div class=\"elementor-widget-wrap elementor-element-populated\">\n\t\t\t\t\t\t<section class=\"elementor-section elementor-inner-section elementor-element elementor-element-2c38e5b elementor-section-boxed elementor-section-height-default elementor-section-height-default\" data-id=\"2c38e5b\" data-element_type=\"section\" data-e-type=\"section\">\n\t\t\t\t\t\t<div class=\"elementor-container elementor-column-gap-default\">\n\t\t\t\t\t<div class=\"elementor-column elementor-col-100 elementor-inner-column elementor-element elementor-element-c3d38e2\" data-id=\"c3d38e2\" data-element_type=\"column\" data-e-type=\"column\" data-settings=\"{&quot;background_background&quot;:&quot;classic&quot;}\">\n\t\t\t<div class=\"elementor-widget-wrap elementor-element-populated\">\n\t\t\t\t\t\t<div class=\"elementor-element elementor-element-b87b6bb elementor-widget elementor-widget-heading\" data-id=\"b87b6bb\" data-element_type=\"widget\" data-e-type=\"widget\" data-widget_type=\"heading.default\">\n\t\t\t\t<div class=\"elementor-widget-container\">\n\t\t\t\t\t<h3 class=\"elementor-heading-title elementor-size-default\">Benefit from a 3% discount<\/h3>\t\t\t\t<\/div>\n\t\t\t\t<\/div>\n\t\t\t\t<div class=\"elementor-element elementor-element-f0f5759 elementor-widget elementor-widget-text-editor\" data-id=\"f0f5759\" data-element_type=\"widget\" data-e-type=\"widget\" data-widget_type=\"text-editor.default\">\n\t\t\t\t<div class=\"elementor-widget-container\">\n\t\t\t\t\t\t\t\t\t<p>Applying the discount code WEBPROMO you will get a 3% discount. On our website we have the best price guarantee.<\/p>\t\t\t\t\t\t\t\t<\/div>\n\t\t\t\t<\/div>\n\t\t\t\t<div class=\"elementor-element elementor-element-5bf61c3 elementor-align-left elementor-tablet-align-justify elementor-widget elementor-widget-button\" data-id=\"5bf61c3\" data-element_type=\"widget\" data-e-type=\"widget\" data-widget_type=\"button.default\">\n\t\t\t\t<div class=\"elementor-widget-container\">\n\t\t\t\t\t\t\t\t\t<div class=\"elementor-button-wrapper\">\n\t\t\t\t\t<a class=\"elementor-button elementor-button-link elementor-size-sm\" href=\"https:\/\/booking.hostelgijoncentro.es\/?code=21268627\" target=\"_blank\">\n\t\t\t\t\t\t<span class=\"elementor-button-content-wrapper\">\n\t\t\t\t\t\t\t\t\t<span class=\"elementor-button-text\">BOOK NOW<\/span>\n\t\t\t\t\t<\/span>\n\t\t\t\t\t<\/a>\n\t\t\t\t<\/div>\n\t\t\t\t\t\t\t\t<\/div>\n\t\t\t\t<\/div>\n\t\t\t\t\t<\/div>\n\t\t<\/div>\n\t\t\t\t\t<\/div>\n\t\t<\/section>\n\t\t\t\t\t<\/div>\n\t\t<\/div>\n\t\t\t\t\t<\/div>\n\t\t<\/section>\n\t\t\t\t<\/div>\n\t\t","protected":false},"excerpt":{"rendered":"<p>ENVIRONMENT Gijon Center HOSTEL GIJ\u00d3N CENTRO Privileged location In addition, Hostel Gij\u00f3n Centro is only 200 meters from the Roman archaeological site of Las Termas de Campo Vald\u00e9s, 350 meters from Eduardo Chillida&#8217;s sculpture \u00abEl Elogio del Horizonte\u00bb, just 100 meters from museums, art galleries, cultural and gastronomic facilities, stores and banks, and 8 minutes [&hellip;]<\/p>\n","protected":false},"author":1,"featured_media":0,"parent":0,"menu_order":0,"comment_status":"closed","ping_status":"closed","template":"elementor_header_footer","meta":{"footnotes":""},"class_list":["post-373","page","type-page","status-publish","hentry"],"yoast_head":"<!-- This site is optimized with the Yoast SEO plugin v27.3 - https:\/\/yoast.com\/product\/yoast-seo-wordpress\/ -->\n<title>Environment, Hostel Gij\u00f3n Centro - Official Web<\/title>\n<meta name=\"description\" content=\"In addition, Hostel Gij\u00f3n Centro is only 200 meters from the Roman archaeological site of Las Termas de Campo Vald\u00e9s, 350 meters from...\" \/>\n<meta name=\"robots\" content=\"index, follow, max-snippet:-1, max-image-preview:large, max-video-preview:-1\" \/>\n<link rel=\"canonical\" href=\"https:\/\/hostelgijoncentro.es\/en\/environment-hostel-gijon-centro\/\" \/>\n<meta property=\"og:locale\" content=\"es_ES\" \/>\n<meta property=\"og:type\" content=\"article\" \/>\n<meta property=\"og:title\" content=\"Environment, Hostel Gij\u00f3n Centro - Official Web\" \/>\n<meta property=\"og:description\" content=\"In addition, Hostel Gij\u00f3n Centro is only 200 meters from the Roman archaeological site of Las Termas de Campo Vald\u00e9s, 350 meters from...\" \/>\n<meta property=\"og:url\" content=\"https:\/\/hostelgijoncentro.es\/en\/environment-hostel-gijon-centro\/\" \/>\n<meta property=\"og:site_name\" content=\"Ingl\u00e9s\" \/>\n<meta property=\"article:modified_time\" content=\"2023-05-24T11:40:33+00:00\" \/>\n<meta property=\"og:image\" content=\"https:\/\/hostelgijoncentro.es\/en\/wp-content\/uploads\/sites\/3\/hostel_gijon_centro_home_c.webp\" \/>\n<meta name=\"twitter:card\" content=\"summary_large_image\" \/>\n<meta name=\"twitter:label1\" content=\"Tiempo de lectura\" \/>\n\t<meta name=\"twitter:data1\" content=\"2 minutos\" \/>\n<script type=\"application\/ld+json\" class=\"yoast-schema-graph\">{\"@context\":\"https:\\\/\\\/schema.org\",\"@graph\":[{\"@type\":\"WebPage\",\"@id\":\"https:\\\/\\\/hostelgijoncentro.es\\\/en\\\/environment-hostel-gijon-centro\\\/\",\"url\":\"https:\\\/\\\/hostelgijoncentro.es\\\/en\\\/environment-hostel-gijon-centro\\\/\",\"name\":\"Environment, Hostel Gij\u00f3n Centro - Official Web\",\"isPartOf\":{\"@id\":\"https:\\\/\\\/hostelgijoncentro.es\\\/en\\\/#website\"},\"primaryImageOfPage\":{\"@id\":\"https:\\\/\\\/hostelgijoncentro.es\\\/en\\\/environment-hostel-gijon-centro\\\/#primaryimage\"},\"image\":{\"@id\":\"https:\\\/\\\/hostelgijoncentro.es\\\/en\\\/environment-hostel-gijon-centro\\\/#primaryimage\"},\"thumbnailUrl\":\"https:\\\/\\\/hostelgijoncentro.es\\\/en\\\/wp-content\\\/uploads\\\/sites\\\/3\\\/hostel_gijon_centro_home_c.webp\",\"datePublished\":\"2023-02-21T09:19:00+00:00\",\"dateModified\":\"2023-05-24T11:40:33+00:00\",\"description\":\"In addition, Hostel Gij\u00f3n Centro is only 200 meters from the Roman archaeological site of Las Termas de Campo Vald\u00e9s, 350 meters from...\",\"breadcrumb\":{\"@id\":\"https:\\\/\\\/hostelgijoncentro.es\\\/en\\\/environment-hostel-gijon-centro\\\/#breadcrumb\"},\"inLanguage\":\"es\",\"potentialAction\":[{\"@type\":\"ReadAction\",\"target\":[\"https:\\\/\\\/hostelgijoncentro.es\\\/en\\\/environment-hostel-gijon-centro\\\/\"]}]},{\"@type\":\"ImageObject\",\"inLanguage\":\"es\",\"@id\":\"https:\\\/\\\/hostelgijoncentro.es\\\/en\\\/environment-hostel-gijon-centro\\\/#primaryimage\",\"url\":\"https:\\\/\\\/hostelgijoncentro.es\\\/en\\\/wp-content\\\/uploads\\\/sites\\\/3\\\/hostel_gijon_centro_home_c.webp\",\"contentUrl\":\"https:\\\/\\\/hostelgijoncentro.es\\\/en\\\/wp-content\\\/uploads\\\/sites\\\/3\\\/hostel_gijon_centro_home_c.webp\",\"width\":800,\"height\":600},{\"@type\":\"BreadcrumbList\",\"@id\":\"https:\\\/\\\/hostelgijoncentro.es\\\/en\\\/environment-hostel-gijon-centro\\\/#breadcrumb\",\"itemListElement\":[{\"@type\":\"ListItem\",\"position\":1,\"name\":\"Portada\",\"item\":\"https:\\\/\\\/hostelgijoncentro.es\\\/en\\\/\"},{\"@type\":\"ListItem\",\"position\":2,\"name\":\"Environment, Hostel Gij\u00f3n Centro\"}]},{\"@type\":\"WebSite\",\"@id\":\"https:\\\/\\\/hostelgijoncentro.es\\\/en\\\/#website\",\"url\":\"https:\\\/\\\/hostelgijoncentro.es\\\/en\\\/\",\"name\":\"Ingl\u00e9s\",\"description\":\"Hostel Gij\u00f3n\",\"publisher\":{\"@id\":\"https:\\\/\\\/hostelgijoncentro.es\\\/en\\\/#organization\"},\"potentialAction\":[{\"@type\":\"SearchAction\",\"target\":{\"@type\":\"EntryPoint\",\"urlTemplate\":\"https:\\\/\\\/hostelgijoncentro.es\\\/en\\\/?s={search_term_string}\"},\"query-input\":{\"@type\":\"PropertyValueSpecification\",\"valueRequired\":true,\"valueName\":\"search_term_string\"}}],\"inLanguage\":\"es\"},{\"@type\":\"Organization\",\"@id\":\"https:\\\/\\\/hostelgijoncentro.es\\\/en\\\/#organization\",\"name\":\"Ingl\u00e9s\",\"url\":\"https:\\\/\\\/hostelgijoncentro.es\\\/en\\\/\",\"logo\":{\"@type\":\"ImageObject\",\"inLanguage\":\"es\",\"@id\":\"https:\\\/\\\/hostelgijoncentro.es\\\/en\\\/#\\\/schema\\\/logo\\\/image\\\/\",\"url\":\"https:\\\/\\\/hostelgijoncentro.es\\\/en\\\/wp-content\\\/uploads\\\/sites\\\/3\\\/cropped-logo_provi.webp\",\"contentUrl\":\"https:\\\/\\\/hostelgijoncentro.es\\\/en\\\/wp-content\\\/uploads\\\/sites\\\/3\\\/cropped-logo_provi.webp\",\"width\":600,\"height\":300,\"caption\":\"Ingl\u00e9s\"},\"image\":{\"@id\":\"https:\\\/\\\/hostelgijoncentro.es\\\/en\\\/#\\\/schema\\\/logo\\\/image\\\/\"}}]}<\/script>\n<!-- \/ Yoast SEO plugin. -->","yoast_head_json":{"title":"Environment, Hostel Gij\u00f3n Centro - Official Web","description":"In addition, Hostel Gij\u00f3n Centro is only 200 meters from the Roman archaeological site of Las Termas de Campo Vald\u00e9s, 350 meters from...","robots":{"index":"index","follow":"follow","max-snippet":"max-snippet:-1","max-image-preview":"max-image-preview:large","max-video-preview":"max-video-preview:-1"},"canonical":"https:\/\/hostelgijoncentro.es\/en\/environment-hostel-gijon-centro\/","og_locale":"es_ES","og_type":"article","og_title":"Environment, Hostel Gij\u00f3n Centro - Official Web","og_description":"In addition, Hostel Gij\u00f3n Centro is only 200 meters from the Roman archaeological site of Las Termas de Campo Vald\u00e9s, 350 meters from...","og_url":"https:\/\/hostelgijoncentro.es\/en\/environment-hostel-gijon-centro\/","og_site_name":"Ingl\u00e9s","article_modified_time":"2023-05-24T11:40:33+00:00","og_image":[{"url":"https:\/\/hostelgijoncentro.es\/en\/wp-content\/uploads\/sites\/3\/hostel_gijon_centro_home_c.webp","type":"","width":"","height":""}],"twitter_card":"summary_large_image","twitter_misc":{"Tiempo de lectura":"2 minutos"},"schema":{"@context":"https:\/\/schema.org","@graph":[{"@type":"WebPage","@id":"https:\/\/hostelgijoncentro.es\/en\/environment-hostel-gijon-centro\/","url":"https:\/\/hostelgijoncentro.es\/en\/environment-hostel-gijon-centro\/","name":"Environment, Hostel Gij\u00f3n Centro - Official Web","isPartOf":{"@id":"https:\/\/hostelgijoncentro.es\/en\/#website"},"primaryImageOfPage":{"@id":"https:\/\/hostelgijoncentro.es\/en\/environment-hostel-gijon-centro\/#primaryimage"},"image":{"@id":"https:\/\/hostelgijoncentro.es\/en\/environment-hostel-gijon-centro\/#primaryimage"},"thumbnailUrl":"https:\/\/hostelgijoncentro.es\/en\/wp-content\/uploads\/sites\/3\/hostel_gijon_centro_home_c.webp","datePublished":"2023-02-21T09:19:00+00:00","dateModified":"2023-05-24T11:40:33+00:00","description":"In addition, Hostel Gij\u00f3n Centro is only 200 meters from the Roman archaeological site of Las Termas de Campo Vald\u00e9s, 350 meters from...","breadcrumb":{"@id":"https:\/\/hostelgijoncentro.es\/en\/environment-hostel-gijon-centro\/#breadcrumb"},"inLanguage":"es","potentialAction":[{"@type":"ReadAction","target":["https:\/\/hostelgijoncentro.es\/en\/environment-hostel-gijon-centro\/"]}]},{"@type":"ImageObject","inLanguage":"es","@id":"https:\/\/hostelgijoncentro.es\/en\/environment-hostel-gijon-centro\/#primaryimage","url":"https:\/\/hostelgijoncentro.es\/en\/wp-content\/uploads\/sites\/3\/hostel_gijon_centro_home_c.webp","contentUrl":"https:\/\/hostelgijoncentro.es\/en\/wp-content\/uploads\/sites\/3\/hostel_gijon_centro_home_c.webp","width":800,"height":600},{"@type":"BreadcrumbList","@id":"https:\/\/hostelgijoncentro.es\/en\/environment-hostel-gijon-centro\/#breadcrumb","itemListElement":[{"@type":"ListItem","position":1,"name":"Portada","item":"https:\/\/hostelgijoncentro.es\/en\/"},{"@type":"ListItem","position":2,"name":"Environment, Hostel Gij\u00f3n Centro"}]},{"@type":"WebSite","@id":"https:\/\/hostelgijoncentro.es\/en\/#website","url":"https:\/\/hostelgijoncentro.es\/en\/","name":"Ingl\u00e9s","description":"Hostel Gij\u00f3n","publisher":{"@id":"https:\/\/hostelgijoncentro.es\/en\/#organization"},"potentialAction":[{"@type":"SearchAction","target":{"@type":"EntryPoint","urlTemplate":"https:\/\/hostelgijoncentro.es\/en\/?s={search_term_string}"},"query-input":{"@type":"PropertyValueSpecification","valueRequired":true,"valueName":"search_term_string"}}],"inLanguage":"es"},{"@type":"Organization","@id":"https:\/\/hostelgijoncentro.es\/en\/#organization","name":"Ingl\u00e9s","url":"https:\/\/hostelgijoncentro.es\/en\/","logo":{"@type":"ImageObject","inLanguage":"es","@id":"https:\/\/hostelgijoncentro.es\/en\/#\/schema\/logo\/image\/","url":"https:\/\/hostelgijoncentro.es\/en\/wp-content\/uploads\/sites\/3\/cropped-logo_provi.webp","contentUrl":"https:\/\/hostelgijoncentro.es\/en\/wp-content\/uploads\/sites\/3\/cropped-logo_provi.webp","width":600,"height":300,"caption":"Ingl\u00e9s"},"image":{"@id":"https:\/\/hostelgijoncentro.es\/en\/#\/schema\/logo\/image\/"}}]}},"acf":[],"_links":{"self":[{"href":"https:\/\/hostelgijoncentro.es\/en\/wp-json\/wp\/v2\/pages\/373","targetHints":{"allow":["GET"]}}],"collection":[{"href":"https:\/\/hostelgijoncentro.es\/en\/wp-json\/wp\/v2\/pages"}],"about":[{"href":"https:\/\/hostelgijoncentro.es\/en\/wp-json\/wp\/v2\/types\/page"}],"author":[{"embeddable":true,"href":"https:\/\/hostelgijoncentro.es\/en\/wp-json\/wp\/v2\/users\/1"}],"replies":[{"embeddable":true,"href":"https:\/\/hostelgijoncentro.es\/en\/wp-json\/wp\/v2\/comments?post=373"}],"version-history":[{"count":15,"href":"https:\/\/hostelgijoncentro.es\/en\/wp-json\/wp\/v2\/pages\/373\/revisions"}],"predecessor-version":[{"id":484,"href":"https:\/\/hostelgijoncentro.es\/en\/wp-json\/wp\/v2\/pages\/373\/revisions\/484"}],"wp:attachment":[{"href":"https:\/\/hostelgijoncentro.es\/en\/wp-json\/wp\/v2\/media?parent=373"}],"curies":[{"name":"wp","href":"https:\/\/api.w.org\/{rel}","templated":true}]}}